{"id":78435,"date":"2025-01-09T15:59:48","date_gmt":"2025-01-09T15:59:48","guid":{"rendered":"https:\/\/www.aws.sportdata.org\/product\/graficos-tv\/"},"modified":"2025-05-02T17:53:20","modified_gmt":"2025-05-02T17:53:20","slug":"tv-graphics","status":"publish","type":"product","link":"https:\/\/set.sportdata.org\/es\/product\/tv-graphics\/","title":{"rendered":"Gr\u00e1ficos TV (TVG)"},"content":{"rendered":"<p>Gr\u00e1ficos y operaciones de retransmisi\u00f3n de nivel profesional con cronometraje, puntuaci\u00f3n y resultados en directo.<\/p>\n","protected":false},"excerpt":{"rendered":"<p>Retransmisi\u00f3n y Livestream<\/p>\n","protected":false},"featured_media":58161,"template":"","meta":{"_acf_changed":false},"product_brand":[],"product_cat":[413,415,419,416,417,418,414,420,452,447,451,454,421,424,425,426,423,427,428,455,429,422,431,432,433,434,435,436,437,456,438,439,440,441,443,444,445,446,448,449,450,457,458],"product_tag":[461,460],"class_list":{"0":"post-78435","1":"product","2":"type-product","3":"status-publish","4":"has-post-thumbnail","6":"product_cat-aikido-es","7":"product_cat-atletismo","8":"product_cat-baile","9":"product_cat-boxeo","10":"product_cat-calistenia","11":"product_cat-capoeira-es","12":"product_cat-deportes-aereos","13":"product_cat-deportes-caninos","14":"product_cat-deportes-de-equipo","15":"product_cat-deportes-de-fuerza","16":"product_cat-deportes-de-precision","17":"product_cat-deportes-subacuaticos","18":"product_cat-e-tournament-es","19":"product_cat-federaciones","20":"product_cat-fitness-es","21":"product_cat-futbol","22":"product_cat-gestion-de-eventos","23":"product_cat-gestion-de-juegos","24":"product_cat-gimnasia-ritmica","25":"product_cat-halterofilia","26":"product_cat-hapkido-es","27":"product_cat-hipica","28":"product_cat-ju-jitsu-es","29":"product_cat-judo-es","30":"product_cat-karate-es","31":"product_cat-kempo-es","32":"product_cat-kendo-es","33":"product_cat-kickboxing-es","34":"product_cat-krav-maga-es","35":"product_cat-lucha","36":"product_cat-mma-es","37":"product_cat-muaythai-es","38":"product_cat-multi-deportes","39":"product_cat-ninjutsu-es","40":"product_cat-pancracio","41":"product_cat-para-deportes","42":"product_cat-sambo-es","43":"product_cat-servicios","44":"product_cat-sudo-es","45":"product_cat-sumo-es","46":"product_cat-taekwondo-es","47":"product_cat-wushu-es","48":"product_cat-yoga-es","49":"product_tag-aikido-es","50":"product_tag-gestion-de-juegos","52":"first","53":"instock","54":"taxable","55":"shipping-taxable","56":"purchasable","57":"product-type-variable"},"acf":[],"_links":{"self":[{"href":"https:\/\/set.sportdata.org\/es\/wp-json\/wp\/v2\/product\/78435","targetHints":{"allow":["GET"]}}],"collection":[{"href":"https:\/\/set.sportdata.org\/es\/wp-json\/wp\/v2\/product"}],"about":[{"href":"https:\/\/set.sportdata.org\/es\/wp-json\/wp\/v2\/types\/product"}],"wp:featuredmedia":[{"embeddable":true,"href":"https:\/\/set.sportdata.org\/es\/wp-json\/wp\/v2\/media\/58161"}],"wp:attachment":[{"href":"https:\/\/set.sportdata.org\/es\/wp-json\/wp\/v2\/media?parent=78435"}],"wp:term":[{"taxonomy":"product_brand","embeddable":true,"href":"https:\/\/set.sportdata.org\/es\/wp-json\/wp\/v2\/product_brand?post=78435"},{"taxonomy":"product_cat","embeddable":true,"href":"https:\/\/set.sportdata.org\/es\/wp-json\/wp\/v2\/product_cat?post=78435"},{"taxonomy":"product_tag","embeddable":true,"href":"https:\/\/set.sportdata.org\/es\/wp-json\/wp\/v2\/product_tag?post=78435"}],"curies":[{"name":"wp","href":"https:\/\/api.w.org\/{rel}","templated":true}]}}