{"id":78439,"date":"2025-01-06T08:46:19","date_gmt":"2025-01-06T08:46:19","guid":{"rendered":"https:\/\/www.aws.sportdata.org\/product\/servicios-de-acreditacion\/"},"modified":"2025-05-02T17:55:52","modified_gmt":"2025-05-02T17:55:52","slug":"accreditation-system","status":"publish","type":"product","link":"https:\/\/set.sportdata.org\/es\/product\/accreditation-system\/","title":{"rendered":"Servicios de Acreditaci\u00f3n"},"content":{"rendered":"<p>Credenciales personalizadas de alta calidad con tecnolog\u00eda de c\u00f3digo QR integrada<\/p>\n","protected":false},"excerpt":{"rendered":"<p>Impresi\u00f3n y digital &#8211; Control de acceso<\/p>\n","protected":false},"featured_media":59550,"template":"","meta":{"_acf_changed":false},"product_brand":[],"product_cat":[424,427,446],"product_tag":[461,460],"class_list":{"0":"post-78439","1":"product","2":"type-product","3":"status-publish","4":"has-post-thumbnail","6":"product_cat-federaciones","7":"product_cat-gestion-de-juegos","8":"product_cat-servicios","9":"product_tag-aikido-es","10":"product_tag-gestion-de-juegos","12":"first","13":"outofstock","14":"taxable","15":"shipping-taxable","16":"product-type-variable"},"acf":[],"_links":{"self":[{"href":"https:\/\/set.sportdata.org\/es\/wp-json\/wp\/v2\/product\/78439","targetHints":{"allow":["GET"]}}],"collection":[{"href":"https:\/\/set.sportdata.org\/es\/wp-json\/wp\/v2\/product"}],"about":[{"href":"https:\/\/set.sportdata.org\/es\/wp-json\/wp\/v2\/types\/product"}],"wp:featuredmedia":[{"embeddable":true,"href":"https:\/\/set.sportdata.org\/es\/wp-json\/wp\/v2\/media\/59550"}],"wp:attachment":[{"href":"https:\/\/set.sportdata.org\/es\/wp-json\/wp\/v2\/media?parent=78439"}],"wp:term":[{"taxonomy":"product_brand","embeddable":true,"href":"https:\/\/set.sportdata.org\/es\/wp-json\/wp\/v2\/product_brand?post=78439"},{"taxonomy":"product_cat","embeddable":true,"href":"https:\/\/set.sportdata.org\/es\/wp-json\/wp\/v2\/product_cat?post=78439"},{"taxonomy":"product_tag","embeddable":true,"href":"https:\/\/set.sportdata.org\/es\/wp-json\/wp\/v2\/product_tag?post=78439"}],"curies":[{"name":"wp","href":"https:\/\/api.w.org\/{rel}","templated":true}]}}