{"id":78465,"date":"2024-10-22T15:47:35","date_gmt":"2024-10-22T15:47:35","guid":{"rendered":"https:\/\/www.aws.sportdata.org\/product\/ranking-online\/"},"modified":"2025-05-02T17:51:05","modified_gmt":"2025-05-02T17:51:05","slug":"set-ranking","status":"publish","type":"product","link":"https:\/\/set.sportdata.org\/es\/product\/set-ranking\/","title":{"rendered":"Ranking Online"},"content":{"rendered":"<p>Sistema de clasificaci\u00f3n flexible para tu club, federaci\u00f3n u organizaci\u00f3n<\/p>\n","protected":false},"excerpt":{"rendered":"<p>Fomentar la competencia<\/p>\n","protected":false},"featured_media":59586,"template":"","meta":{"_acf_changed":false},"product_brand":[],"product_cat":[424,430,433],"product_tag":[461,460],"class_list":{"0":"post-78465","1":"product","2":"type-product","3":"status-publish","4":"has-post-thumbnail","6":"product_cat-federaciones","7":"product_cat-individual-es","8":"product_cat-karate-es","9":"product_tag-aikido-es","10":"product_tag-gestion-de-juegos","12":"first","13":"instock","14":"taxable","15":"shipping-taxable","16":"purchasable","17":"product-type-variable"},"acf":[],"_links":{"self":[{"href":"https:\/\/set.sportdata.org\/es\/wp-json\/wp\/v2\/product\/78465","targetHints":{"allow":["GET"]}}],"collection":[{"href":"https:\/\/set.sportdata.org\/es\/wp-json\/wp\/v2\/product"}],"about":[{"href":"https:\/\/set.sportdata.org\/es\/wp-json\/wp\/v2\/types\/product"}],"wp:featuredmedia":[{"embeddable":true,"href":"https:\/\/set.sportdata.org\/es\/wp-json\/wp\/v2\/media\/59586"}],"wp:attachment":[{"href":"https:\/\/set.sportdata.org\/es\/wp-json\/wp\/v2\/media?parent=78465"}],"wp:term":[{"taxonomy":"product_brand","embeddable":true,"href":"https:\/\/set.sportdata.org\/es\/wp-json\/wp\/v2\/product_brand?post=78465"},{"taxonomy":"product_cat","embeddable":true,"href":"https:\/\/set.sportdata.org\/es\/wp-json\/wp\/v2\/product_cat?post=78465"},{"taxonomy":"product_tag","embeddable":true,"href":"https:\/\/set.sportdata.org\/es\/wp-json\/wp\/v2\/product_tag?post=78465"}],"curies":[{"name":"wp","href":"https:\/\/api.w.org\/{rel}","templated":true}]}}