{"id":78831,"date":"2024-10-15T18:24:29","date_gmt":"2024-10-15T18:24:29","guid":{"rendered":"https:\/\/www.aws.sportdata.org\/product\/video-review\/"},"modified":"2025-06-26T10:22:43","modified_gmt":"2025-06-26T10:22:43","slug":"video-review","status":"publish","type":"product","link":"https:\/\/set.sportdata.org\/es\/product\/video-review\/","title":{"rendered":"Video Review"},"content":{"rendered":"<p>Sistema avanzado de repetici\u00f3n y an\u00e1lisis de v\u00eddeo, dise\u00f1ado para tomar decisiones que cambian el juego<\/p>\n","protected":false},"excerpt":{"rendered":"<p style=\"text-align: left;\">Sistema profesional de reproducci\u00f3n de v\u00eddeo<\/p>\n","protected":false},"featured_media":58179,"template":"","meta":{"_acf_changed":false},"product_brand":[],"product_cat":[413,415,419,416,417,418,414,420,452,447,451,454,425,426,423,427,428,455,429,422,430,431,432,433,434,435,436,437,456,438,439,440,441,443,444,445,448,449,450,457,458],"product_tag":[461,460],"class_list":{"0":"post-78831","1":"product","2":"type-product","3":"status-publish","4":"has-post-thumbnail","6":"product_cat-aikido-es","7":"product_cat-atletismo","8":"product_cat-baile","9":"product_cat-boxeo","10":"product_cat-calistenia","11":"product_cat-capoeira-es","12":"product_cat-deportes-aereos","13":"product_cat-deportes-caninos","14":"product_cat-deportes-de-equipo","15":"product_cat-deportes-de-fuerza","16":"product_cat-deportes-de-precision","17":"product_cat-deportes-subacuaticos","18":"product_cat-fitness-es","19":"product_cat-futbol","20":"product_cat-gestion-de-eventos","21":"product_cat-gestion-de-juegos","22":"product_cat-gimnasia-ritmica","23":"product_cat-halterofilia","24":"product_cat-hapkido-es","25":"product_cat-hipica","26":"product_cat-individual-es","27":"product_cat-ju-jitsu-es","28":"product_cat-judo-es","29":"product_cat-karate-es","30":"product_cat-kempo-es","31":"product_cat-kendo-es","32":"product_cat-kickboxing-es","33":"product_cat-krav-maga-es","34":"product_cat-lucha","35":"product_cat-mma-es","36":"product_cat-muaythai-es","37":"product_cat-multi-deportes","38":"product_cat-ninjutsu-es","39":"product_cat-pancracio","40":"product_cat-para-deportes","41":"product_cat-sambo-es","42":"product_cat-sudo-es","43":"product_cat-sumo-es","44":"product_cat-taekwondo-es","45":"product_cat-wushu-es","46":"product_cat-yoga-es","47":"product_tag-aikido-es","48":"product_tag-gestion-de-juegos","50":"first","51":"instock","52":"taxable","53":"shipping-taxable","54":"purchasable","55":"product-type-variable"},"acf":[],"_links":{"self":[{"href":"https:\/\/set.sportdata.org\/es\/wp-json\/wp\/v2\/product\/78831","targetHints":{"allow":["GET"]}}],"collection":[{"href":"https:\/\/set.sportdata.org\/es\/wp-json\/wp\/v2\/product"}],"about":[{"href":"https:\/\/set.sportdata.org\/es\/wp-json\/wp\/v2\/types\/product"}],"wp:featuredmedia":[{"embeddable":true,"href":"https:\/\/set.sportdata.org\/es\/wp-json\/wp\/v2\/media\/58179"}],"wp:attachment":[{"href":"https:\/\/set.sportdata.org\/es\/wp-json\/wp\/v2\/media?parent=78831"}],"wp:term":[{"taxonomy":"product_brand","embeddable":true,"href":"https:\/\/set.sportdata.org\/es\/wp-json\/wp\/v2\/product_brand?post=78831"},{"taxonomy":"product_cat","embeddable":true,"href":"https:\/\/set.sportdata.org\/es\/wp-json\/wp\/v2\/product_cat?post=78831"},{"taxonomy":"product_tag","embeddable":true,"href":"https:\/\/set.sportdata.org\/es\/wp-json\/wp\/v2\/product_tag?post=78831"}],"curies":[{"name":"wp","href":"https:\/\/api.w.org\/{rel}","templated":true}]}}