{"id":78840,"date":"2024-10-15T11:58:14","date_gmt":"2024-10-15T11:58:14","guid":{"rendered":"https:\/\/www.aws.sportdata.org\/product\/plataforma-de-eventos\/"},"modified":"2025-05-16T09:44:03","modified_gmt":"2025-05-16T09:44:03","slug":"set-event-platform","status":"publish","type":"product","link":"https:\/\/set.sportdata.org\/es\/product\/set-event-platform\/","title":{"rendered":"Plataforma de eventos"},"content":{"rendered":"<p>Listado de eventos, inscripci\u00f3n, pagos, estad\u00edsticas, mensajer\u00eda, resultados en directo y calendario<\/p>\n","protected":false},"excerpt":{"rendered":"<p>#1 Listado de eventos<\/p>\n","protected":false},"featured_media":58089,"template":"","meta":{"_acf_changed":false},"product_brand":[],"product_cat":[430],"product_tag":[461,460],"class_list":{"0":"post-78840","1":"product","2":"type-product","3":"status-publish","4":"has-post-thumbnail","6":"product_cat-individual-es","7":"product_tag-aikido-es","8":"product_tag-gestion-de-juegos","10":"first","11":"instock","12":"taxable","13":"shipping-taxable","14":"purchasable","15":"product-type-variable"},"acf":[],"_links":{"self":[{"href":"https:\/\/set.sportdata.org\/es\/wp-json\/wp\/v2\/product\/78840","targetHints":{"allow":["GET"]}}],"collection":[{"href":"https:\/\/set.sportdata.org\/es\/wp-json\/wp\/v2\/product"}],"about":[{"href":"https:\/\/set.sportdata.org\/es\/wp-json\/wp\/v2\/types\/product"}],"wp:featuredmedia":[{"embeddable":true,"href":"https:\/\/set.sportdata.org\/es\/wp-json\/wp\/v2\/media\/58089"}],"wp:attachment":[{"href":"https:\/\/set.sportdata.org\/es\/wp-json\/wp\/v2\/media?parent=78840"}],"wp:term":[{"taxonomy":"product_brand","embeddable":true,"href":"https:\/\/set.sportdata.org\/es\/wp-json\/wp\/v2\/product_brand?post=78840"},{"taxonomy":"product_cat","embeddable":true,"href":"https:\/\/set.sportdata.org\/es\/wp-json\/wp\/v2\/product_cat?post=78840"},{"taxonomy":"product_tag","embeddable":true,"href":"https:\/\/set.sportdata.org\/es\/wp-json\/wp\/v2\/product_tag?post=78840"}],"curies":[{"name":"wp","href":"https:\/\/api.w.org\/{rel}","templated":true}]}}